{"id":715,"date":"2023-05-30T08:16:36","date_gmt":"2023-05-30T08:16:36","guid":{"rendered":"https:\/\/alternatri.themecloud.dev\/?page_id=715"},"modified":"2023-12-17T22:56:54","modified_gmt":"2023-12-17T21:56:54","slug":"connexion-departement-alternatri","status":"publish","type":"page","link":"https:\/\/trelaze-49.alternatri.fr\/index.php\/connexion-departement-alternatri\/","title":{"rendered":"Connexion-D\u00e9partement-Alternatri"},"content":{"rendered":"<style>.elementor-715 .elementor-element.elementor-element-35b4299 > .elementor-background-overlay{background-color:#000000;opacity:0.5;transition:background 0.3s, border-radius 0.3s, opacity 0.3s;}.elementor-715 .elementor-element.elementor-element-35b4299{transition:background 0.3s, border 0.3s, border-radius 0.3s, box-shadow 0.3s;}.elementor-widget-image .widget-image-caption{color:var( --e-global-color-text );font-family:var( --e-global-typography-text-font-family ), Sans-serif;font-weight:var( --e-global-typography-text-font-weight );}.elementor-715 .elementor-element.elementor-element-a662d55 img{width:39%;}.elementor-715 .elementor-element.elementor-element-a662d55{width:100%;max-width:100%;align-self:center;}.elementor-715 .elementor-element.elementor-element-ccb671e{--spacer-size:50px;}.elementor-715 .elementor-element.elementor-element-152e550 .ekit_double_button{width:60%;}.elementor-715 .elementor-element.elementor-element-152e550 .ekit-double-btn:not(:last-child){margin-right:100px;}.elementor-715 .elementor-element.elementor-element-152e550 .ekit-double-btn.ekit-double-btn-one{color:#FFFFFF;font-size:40px;letter-spacing:1.7px;word-spacing:0px;border-radius:0px 0px 0px 0px;background-color:#6D2E2E00;background-image:url(\"https:\/\/trelaze-49.alternatri.fr\/wp-content\/uploads\/2023\/06\/carte-laval-valide-blanche.png\");background-position:center center;background-repeat:no-repeat;background-size:contain;padding:210px 0px 210px 0px;text-align:center;}.elementor-715 .elementor-element.elementor-element-152e550 .ekit-double-btn.ekit-double-btn-one svg path{stroke:#FFFFFF;fill:#FFFFFF;}.elementor-715 .elementor-element.elementor-element-152e550 .ekit-double-btn.ekit-double-btn-one > i{font-size:0px;}.elementor-715 .elementor-element.elementor-element-152e550 .ekit-double-btn.ekit-double-btn-one > svg{max-width:0px;}.elementor-715 .elementor-element.elementor-element-152e550 .ekit-double-btn.ekit-double-btn-one:hover{color:#1F6F27;border-radius:0px 0px 0px 0px;}.elementor-715 .elementor-element.elementor-element-152e550 .ekit-double-btn.ekit-double-btn-one:hover svg path{stroke:#1F6F27;fill:#1F6F27;}.elementor-715 .elementor-element.elementor-element-152e550 .ekit-double-btn.ekit-double-btn-two{color:#FFFFFF;font-family:\"Times New Roman\", Sans-serif;font-size:40px;letter-spacing:1.7px;border-radius:0px 0px 0px 0px;background-color:#02010100;background-image:url(\"https:\/\/trelaze-49.alternatri.fr\/wp-content\/uploads\/2023\/06\/carte-angers-valide-blanc.png\");background-position:center center;background-repeat:no-repeat;background-size:contain;box-shadow:0px 0px 0px 0px rgba(0,0,0,0.5);padding:200px 0px 200px 0px;text-align:center;}.elementor-715 .elementor-element.elementor-element-152e550 .ekit-double-btn.ekit-double-btn-two svg path{stroke:#FFFFFF;fill:#FFFFFF;}.elementor-715 .elementor-element.elementor-element-152e550 .ekit-double-btn.ekit-double-btn-two:hover{color:#1F6F27;}.elementor-715 .elementor-element.elementor-element-152e550 .ekit-double-btn.ekit-double-btn-two:hover svg path{stroke:#1F6F27;fill:#1F6F27;}.elementor-715 .elementor-element.elementor-element-152e550 > .elementor-widget-container{margin:-77px -77px -77px -77px;padding:0px 0px 0px 0px;border-radius:0px 0px 0px 0px;}.elementor-715 .elementor-element.elementor-element-152e550{width:100%;max-width:100%;align-self:center;}.elementor-715 .elementor-element.elementor-element-152e550:not(.e-transform) > .elementor-widget-container{-moz-transform:rotate(0deg);-webkit-transform:rotate(0deg);-o-transform:rotate(0deg);-ms-transform:rotate(0deg);transform:rotate(0deg);}.elementor-715 .elementor-element.elementor-element-152e550.e-transform > .elementor-widget-container{--e-transform-rotateZ:0deg;}.elementor-715 .elementor-element.elementor-element-152e550.elementor-widget > .elementor-widget-container, .elementor-715 .elementor-element.elementor-element-152e550.elementor-widget > .elementor-widget-container > *{position:relative;--jkit-option-enabled:0px;}.elementor-715 .elementor-element.elementor-element-152e550.elementor-widget > .elementor-widget-container::before{content:\"\";width:100%;height:100%;position:absolute;left:0;top:0;-webkit-backdrop-filter:blur(0px);backdrop-filter:blur(0px);border-radius:inherit;background-color:inherit;}.elementor-715 .elementor-element.elementor-element-04cd6e8{transition:background 0.3s, border 0.3s, border-radius 0.3s, box-shadow 0.3s;margin-top:0px;margin-bottom:-17px;z-index:999999;}.elementor-715 .elementor-element.elementor-element-04cd6e8 > .elementor-background-overlay{transition:background 0.3s, border-radius 0.3s, opacity 0.3s;}.elementor-widget-text-editor{font-family:var( --e-global-typography-text-font-family ), Sans-serif;font-weight:var( --e-global-typography-text-font-weight );color:var( --e-global-color-text );}.elementor-widget-text-editor.elementor-drop-cap-view-stacked .elementor-drop-cap{background-color:var( --e-global-color-primary );}.elementor-widget-text-editor.elementor-drop-cap-view-framed .elementor-drop-cap, .elementor-widget-text-editor.elementor-drop-cap-view-default .elementor-drop-cap{color:var( --e-global-color-primary );border-color:var( --e-global-color-primary );}.elementor-715 .elementor-element.elementor-element-42a5f8c{text-align:center;color:#FFFFFF;}.elementor-715 .elementor-element.elementor-element-e5ca0f7{text-align:center;color:#FFFFFF;}:root{--page-title-display:none;}@media(max-width:1024px){.elementor-715 .elementor-element.elementor-element-152e550 .ekit_double_button{width:80%;}}@media(max-width:767px){.elementor-715 .elementor-element.elementor-element-152e550 .ekit_double_button{width:100%;}}<\/style>\t\t<div data-elementor-type=\"wp-page\" data-elementor-id=\"715\" class=\"elementor elementor-715\">\n\t\t\t\t\t\t<section class=\"elementor-section elementor-top-section elementor-element elementor-element-35b4299 elementor-section-full_width elementor-reverse-tablet elementor-reverse-mobile elementor-section-height-full elementor-section-height-default elementor-section-items-middle wpr-particle-no wpr-jarallax-no wpr-parallax-no wpr-sticky-section-no elementor-invisible\" data-id=\"35b4299\" data-element_type=\"section\" data-e-type=\"section\" data-settings=\"{&quot;background_background&quot;:&quot;video&quot;,&quot;background_video_link&quot;:&quot;https:\\\/\\\/youtu.be\\\/wxOPU7_h8jY&quot;,&quot;animation&quot;:&quot;fadeIn&quot;,&quot;background_play_on_mobile&quot;:&quot;yes&quot;}\">\n\t\t\t\t\t\t\t\t<div class=\"elementor-background-video-container\">\n\t\t\t\t\t\t\t\t\t\t\t\t\t<div class=\"elementor-background-video-embed\" role=\"presentation\"><\/div>\n\t\t\t\t\t\t\t\t\t\t\t\t<\/div>\n\t\t\t\t\t\t\t\t\t<div class=\"elementor-background-overlay\"><\/div>\n\t\t\t\t\t\t\t<div class=\"elementor-container elementor-column-gap-default\">\n\t\t\t\t\t<div class=\"elementor-column elementor-col-100 elementor-top-column elementor-element elementor-element-7ad4208\" data-id=\"7ad4208\" data-element_type=\"column\" data-e-type=\"column\">\n\t\t\t<div class=\"elementor-widget-wrap elementor-element-populated\">\n\t\t\t\t\t\t<div class=\"elementor-element elementor-element-a662d55 elementor-widget__width-inherit elementor-widget elementor-widget-image\" data-id=\"a662d55\" data-element_type=\"widget\" data-e-type=\"widget\" data-widget_type=\"image.default\">\n\t\t\t\t<div class=\"elementor-widget-container\">\n\t\t\t\t\t\t\t\t\t\t\t\t\t\t\t<img fetchpriority=\"high\" decoding=\"async\" width=\"537\" height=\"204\" src=\"https:\/\/trelaze-49.alternatri.fr\/wp-content\/uploads\/2023\/06\/logo-2.png\" class=\"attachment-full size-full wp-image-2234\" alt=\"\" srcset=\"https:\/\/trelaze-49.alternatri.fr\/wp-content\/uploads\/2023\/06\/logo-2.png 537w, https:\/\/trelaze-49.alternatri.fr\/wp-content\/uploads\/2023\/06\/logo-2-300x114.png 300w\" sizes=\"(max-width: 537px) 100vw, 537px\" \/>\t\t\t\t\t\t\t\t\t\t\t\t\t\t\t<\/div>\n\t\t\t\t<\/div>\n\t\t\t\t<div class=\"elementor-element elementor-element-ccb671e elementor-widget elementor-widget-spacer\" data-id=\"ccb671e\" data-element_type=\"widget\" data-e-type=\"widget\" data-widget_type=\"spacer.default\">\n\t\t\t\t<div class=\"elementor-widget-container\">\n\t\t\t\t\t\t\t<div class=\"elementor-spacer\">\n\t\t\t<div class=\"elementor-spacer-inner\"><\/div>\n\t\t<\/div>\n\t\t\t\t\t\t<\/div>\n\t\t\t\t<\/div>\n\t\t\t\t<div class=\"elementor-element elementor-element-152e550 elementor-widget-elementskit-dual-button-center elementor-widget__width-inherit animated-slow elementor-invisible elementor-widget elementor-widget-elementskit-dual-button\" data-id=\"152e550\" data-element_type=\"widget\" data-e-type=\"widget\" data-settings=\"{&quot;_animation&quot;:&quot;pulse&quot;,&quot;_animation_delay&quot;:0}\" data-widget_type=\"elementskit-dual-button.default\">\n\t\t\t\t<div class=\"elementor-widget-container\">\n\t\t\t\t\t<div class=\"ekit-wid-con\" >\n                <div class=\"ekit-element-align-wrapper\">\n                    <div class=\"ekit_double_button\">                <a class=\"ekit-double-btn ekit-double-btn-one\" href=\"http:\/\/www.alternatri.themecloud.dev\/\">\n                                     <\/a>\n            \n            <a class=\"ekit-double-btn ekit-double-btn-two\" href=\"https:\/\/alternatri.themecloud.dev\/connexion-departement-alternatri\/acceuil\/\">\n                                     <\/a>\n                  <\/div>\n                <\/div>\n            <\/div>\t\t\t\t<\/div>\n\t\t\t\t<\/div>\n\t\t\t\t<section class=\"elementor-section elementor-inner-section elementor-element elementor-element-04cd6e8 elementor-section-boxed elementor-section-height-default elementor-section-height-default wpr-particle-no wpr-jarallax-no wpr-parallax-no wpr-sticky-section-no\" data-id=\"04cd6e8\" data-element_type=\"section\" data-e-type=\"section\" data-settings=\"{&quot;background_background&quot;:&quot;classic&quot;}\">\n\t\t\t\t\t\t<div class=\"elementor-container elementor-column-gap-default\">\n\t\t\t\t\t<div class=\"elementor-column elementor-col-50 elementor-inner-column elementor-element elementor-element-caa8ab8\" data-id=\"caa8ab8\" data-element_type=\"column\" data-e-type=\"column\">\n\t\t\t<div class=\"elementor-widget-wrap elementor-element-populated\">\n\t\t\t\t\t\t<div class=\"elementor-element elementor-element-42a5f8c elementor-widget elementor-widget-text-editor\" data-id=\"42a5f8c\" data-element_type=\"widget\" data-e-type=\"widget\" data-widget_type=\"text-editor.default\">\n\t\t\t\t<div class=\"elementor-widget-container\">\n\t\t\t\t\t\t\t\t\t<p>ALTERNATRI 53 (LAVAL)<br \/>T\u00c9L : 02 43 69 89 02<br \/>Rue des Giraumeries 53940 Saint-Berthevin<\/p>\t\t\t\t\t\t\t\t<\/div>\n\t\t\t\t<\/div>\n\t\t\t\t\t<\/div>\n\t\t<\/div>\n\t\t\t\t<div class=\"elementor-column elementor-col-50 elementor-inner-column elementor-element elementor-element-7389425\" data-id=\"7389425\" data-element_type=\"column\" data-e-type=\"column\">\n\t\t\t<div class=\"elementor-widget-wrap elementor-element-populated\">\n\t\t\t\t\t\t<div class=\"elementor-element elementor-element-e5ca0f7 elementor-widget elementor-widget-text-editor\" data-id=\"e5ca0f7\" data-element_type=\"widget\" data-e-type=\"widget\" data-widget_type=\"text-editor.default\">\n\t\t\t\t<div class=\"elementor-widget-container\">\n\t\t\t\t\t\t\t\t\t<p>ALTERNATRI 49 (ANGERS)<br \/>T\u00c9L : 02 41 05 77 98<br \/>ZA Grand Maison 49800 Tr\u00e9laz\u00e9<\/p>\t\t\t\t\t\t\t\t<\/div>\n\t\t\t\t<\/div>\n\t\t\t\t\t<\/div>\n\t\t<\/div>\n\t\t\t\t\t<\/div>\n\t\t<\/section>\n\t\t\t\t\t<\/div>\n\t\t<\/div>\n\t\t\t\t\t<\/div>\n\t\t<\/section>\n\t\t\t\t<\/div>\n\t\t","protected":false},"excerpt":{"rendered":"<p>ALTERNATRI 53 (LAVAL)T\u00c9L : 02 43 69 89 02Rue des Giraumeries 53940 Saint-Berthevin ALTERNATRI 49 (ANGERS)T\u00c9L : 02 41 05 77 98ZA Grand Maison 49800 Tr\u00e9laz\u00e9<\/p>\n","protected":false},"author":2,"featured_media":0,"parent":0,"menu_order":0,"comment_status":"closed","ping_status":"closed","template":"elementor_canvas","meta":{"footnotes":""},"class_list":["post-715","page","type-page","status-publish","hentry"],"yoast_head":"<!-- This site is optimized with the Yoast SEO plugin v24.3 - https:\/\/yoast.com\/wordpress\/plugins\/seo\/ -->\n<title>Connexion-D\u00e9partement-Alternatri - Alternatri 49<\/title>\n<meta name=\"robots\" content=\"index, follow, max-snippet:-1, max-image-preview:large, max-video-preview:-1\" \/>\n<link rel=\"canonical\" href=\"https:\/\/trelaze-49.alternatri.fr\/index.php\/connexion-departement-alternatri\/\" \/>\n<meta property=\"og:locale\" content=\"fr_FR\" \/>\n<meta property=\"og:type\" content=\"article\" \/>\n<meta property=\"og:title\" content=\"Connexion-D\u00e9partement-Alternatri - Alternatri 49\" \/>\n<meta property=\"og:description\" content=\"ALTERNATRI 53 (LAVAL)T\u00c9L : 02 43 69 89 02Rue des Giraumeries 53940 Saint-Berthevin ALTERNATRI 49 (ANGERS)T\u00c9L : 02 41 05 77 98ZA Grand Maison 49800 Tr\u00e9laz\u00e9\" \/>\n<meta property=\"og:url\" content=\"https:\/\/trelaze-49.alternatri.fr\/index.php\/connexion-departement-alternatri\/\" \/>\n<meta property=\"og:site_name\" content=\"Alternatri 49\" \/>\n<meta property=\"article:modified_time\" content=\"2023-12-17T21:56:54+00:00\" \/>\n<meta property=\"og:image\" content=\"http:\/\/trelaze-49.alternatri.fr\/wp-content\/uploads\/2023\/06\/logo-2.png\" \/>\n<meta name=\"twitter:card\" content=\"summary_large_image\" \/>\n<script type=\"application\/ld+json\" class=\"yoast-schema-graph\">{\"@context\":\"https:\/\/schema.org\",\"@graph\":[{\"@type\":\"WebPage\",\"@id\":\"https:\/\/trelaze-49.alternatri.fr\/index.php\/connexion-departement-alternatri\/\",\"url\":\"https:\/\/trelaze-49.alternatri.fr\/index.php\/connexion-departement-alternatri\/\",\"name\":\"Connexion-D\u00e9partement-Alternatri - Alternatri 49\",\"isPartOf\":{\"@id\":\"https:\/\/trelaze-49.alternatri.fr\/#website\"},\"primaryImageOfPage\":{\"@id\":\"https:\/\/trelaze-49.alternatri.fr\/index.php\/connexion-departement-alternatri\/#primaryimage\"},\"image\":{\"@id\":\"https:\/\/trelaze-49.alternatri.fr\/index.php\/connexion-departement-alternatri\/#primaryimage\"},\"thumbnailUrl\":\"http:\/\/trelaze-49.alternatri.fr\/wp-content\/uploads\/2023\/06\/logo-2.png\",\"datePublished\":\"2023-05-30T08:16:36+00:00\",\"dateModified\":\"2023-12-17T21:56:54+00:00\",\"breadcrumb\":{\"@id\":\"https:\/\/trelaze-49.alternatri.fr\/index.php\/connexion-departement-alternatri\/#breadcrumb\"},\"inLanguage\":\"fr-FR\",\"potentialAction\":[{\"@type\":\"ReadAction\",\"target\":[\"https:\/\/trelaze-49.alternatri.fr\/index.php\/connexion-departement-alternatri\/\"]}]},{\"@type\":\"ImageObject\",\"inLanguage\":\"fr-FR\",\"@id\":\"https:\/\/trelaze-49.alternatri.fr\/index.php\/connexion-departement-alternatri\/#primaryimage\",\"url\":\"https:\/\/trelaze-49.alternatri.fr\/wp-content\/uploads\/2023\/06\/logo-2.png\",\"contentUrl\":\"https:\/\/trelaze-49.alternatri.fr\/wp-content\/uploads\/2023\/06\/logo-2.png\",\"width\":537,\"height\":204},{\"@type\":\"BreadcrumbList\",\"@id\":\"https:\/\/trelaze-49.alternatri.fr\/index.php\/connexion-departement-alternatri\/#breadcrumb\",\"itemListElement\":[{\"@type\":\"ListItem\",\"position\":1,\"name\":\"Accueil\",\"item\":\"https:\/\/trelaze-49.alternatri.fr\/\"},{\"@type\":\"ListItem\",\"position\":2,\"name\":\"Connexion-D\u00e9partement-Alternatri\"}]},{\"@type\":\"WebSite\",\"@id\":\"https:\/\/trelaze-49.alternatri.fr\/#website\",\"url\":\"https:\/\/trelaze-49.alternatri.fr\/\",\"name\":\"Alternatri 49\",\"description\":\"Alternatri 49 action social et solidaire\",\"publisher\":{\"@id\":\"https:\/\/trelaze-49.alternatri.fr\/#organization\"},\"potentialAction\":[{\"@type\":\"SearchAction\",\"target\":{\"@type\":\"EntryPoint\",\"urlTemplate\":\"https:\/\/trelaze-49.alternatri.fr\/?s={search_term_string}\"},\"query-input\":{\"@type\":\"PropertyValueSpecification\",\"valueRequired\":true,\"valueName\":\"search_term_string\"}}],\"inLanguage\":\"fr-FR\"},{\"@type\":\"Organization\",\"@id\":\"https:\/\/trelaze-49.alternatri.fr\/#organization\",\"name\":\"Alternatri 49\",\"url\":\"https:\/\/trelaze-49.alternatri.fr\/\",\"logo\":{\"@type\":\"ImageObject\",\"inLanguage\":\"fr-FR\",\"@id\":\"https:\/\/trelaze-49.alternatri.fr\/#\/schema\/logo\/image\/\",\"url\":\"https:\/\/trelaze-49.alternatri.fr\/wp-content\/uploads\/2024\/03\/cropped-Capture_d_ecran_2024-03-25_a_22.52.19-ai-brush-removebg-rwqq7a08.png\",\"contentUrl\":\"https:\/\/trelaze-49.alternatri.fr\/wp-content\/uploads\/2024\/03\/cropped-Capture_d_ecran_2024-03-25_a_22.52.19-ai-brush-removebg-rwqq7a08.png\",\"width\":1768,\"height\":763,\"caption\":\"Alternatri 49\"},\"image\":{\"@id\":\"https:\/\/trelaze-49.alternatri.fr\/#\/schema\/logo\/image\/\"}}]}<\/script>\n<!-- \/ Yoast SEO plugin. -->","yoast_head_json":{"title":"Connexion-D\u00e9partement-Alternatri - Alternatri 49","robots":{"index":"index","follow":"follow","max-snippet":"max-snippet:-1","max-image-preview":"max-image-preview:large","max-video-preview":"max-video-preview:-1"},"canonical":"https:\/\/trelaze-49.alternatri.fr\/index.php\/connexion-departement-alternatri\/","og_locale":"fr_FR","og_type":"article","og_title":"Connexion-D\u00e9partement-Alternatri - Alternatri 49","og_description":"ALTERNATRI 53 (LAVAL)T\u00c9L : 02 43 69 89 02Rue des Giraumeries 53940 Saint-Berthevin ALTERNATRI 49 (ANGERS)T\u00c9L : 02 41 05 77 98ZA Grand Maison 49800 Tr\u00e9laz\u00e9","og_url":"https:\/\/trelaze-49.alternatri.fr\/index.php\/connexion-departement-alternatri\/","og_site_name":"Alternatri 49","article_modified_time":"2023-12-17T21:56:54+00:00","og_image":[{"url":"http:\/\/trelaze-49.alternatri.fr\/wp-content\/uploads\/2023\/06\/logo-2.png","type":"","width":"","height":""}],"twitter_card":"summary_large_image","schema":{"@context":"https:\/\/schema.org","@graph":[{"@type":"WebPage","@id":"https:\/\/trelaze-49.alternatri.fr\/index.php\/connexion-departement-alternatri\/","url":"https:\/\/trelaze-49.alternatri.fr\/index.php\/connexion-departement-alternatri\/","name":"Connexion-D\u00e9partement-Alternatri - Alternatri 49","isPartOf":{"@id":"https:\/\/trelaze-49.alternatri.fr\/#website"},"primaryImageOfPage":{"@id":"https:\/\/trelaze-49.alternatri.fr\/index.php\/connexion-departement-alternatri\/#primaryimage"},"image":{"@id":"https:\/\/trelaze-49.alternatri.fr\/index.php\/connexion-departement-alternatri\/#primaryimage"},"thumbnailUrl":"http:\/\/trelaze-49.alternatri.fr\/wp-content\/uploads\/2023\/06\/logo-2.png","datePublished":"2023-05-30T08:16:36+00:00","dateModified":"2023-12-17T21:56:54+00:00","breadcrumb":{"@id":"https:\/\/trelaze-49.alternatri.fr\/index.php\/connexion-departement-alternatri\/#breadcrumb"},"inLanguage":"fr-FR","potentialAction":[{"@type":"ReadAction","target":["https:\/\/trelaze-49.alternatri.fr\/index.php\/connexion-departement-alternatri\/"]}]},{"@type":"ImageObject","inLanguage":"fr-FR","@id":"https:\/\/trelaze-49.alternatri.fr\/index.php\/connexion-departement-alternatri\/#primaryimage","url":"https:\/\/trelaze-49.alternatri.fr\/wp-content\/uploads\/2023\/06\/logo-2.png","contentUrl":"https:\/\/trelaze-49.alternatri.fr\/wp-content\/uploads\/2023\/06\/logo-2.png","width":537,"height":204},{"@type":"BreadcrumbList","@id":"https:\/\/trelaze-49.alternatri.fr\/index.php\/connexion-departement-alternatri\/#breadcrumb","itemListElement":[{"@type":"ListItem","position":1,"name":"Accueil","item":"https:\/\/trelaze-49.alternatri.fr\/"},{"@type":"ListItem","position":2,"name":"Connexion-D\u00e9partement-Alternatri"}]},{"@type":"WebSite","@id":"https:\/\/trelaze-49.alternatri.fr\/#website","url":"https:\/\/trelaze-49.alternatri.fr\/","name":"Alternatri 49","description":"Alternatri 49 action social et solidaire","publisher":{"@id":"https:\/\/trelaze-49.alternatri.fr\/#organization"},"potentialAction":[{"@type":"SearchAction","target":{"@type":"EntryPoint","urlTemplate":"https:\/\/trelaze-49.alternatri.fr\/?s={search_term_string}"},"query-input":{"@type":"PropertyValueSpecification","valueRequired":true,"valueName":"search_term_string"}}],"inLanguage":"fr-FR"},{"@type":"Organization","@id":"https:\/\/trelaze-49.alternatri.fr\/#organization","name":"Alternatri 49","url":"https:\/\/trelaze-49.alternatri.fr\/","logo":{"@type":"ImageObject","inLanguage":"fr-FR","@id":"https:\/\/trelaze-49.alternatri.fr\/#\/schema\/logo\/image\/","url":"https:\/\/trelaze-49.alternatri.fr\/wp-content\/uploads\/2024\/03\/cropped-Capture_d_ecran_2024-03-25_a_22.52.19-ai-brush-removebg-rwqq7a08.png","contentUrl":"https:\/\/trelaze-49.alternatri.fr\/wp-content\/uploads\/2024\/03\/cropped-Capture_d_ecran_2024-03-25_a_22.52.19-ai-brush-removebg-rwqq7a08.png","width":1768,"height":763,"caption":"Alternatri 49"},"image":{"@id":"https:\/\/trelaze-49.alternatri.fr\/#\/schema\/logo\/image\/"}}]}},"_links":{"self":[{"href":"https:\/\/trelaze-49.alternatri.fr\/index.php\/wp-json\/wp\/v2\/pages\/715","targetHints":{"allow":["GET"]}}],"collection":[{"href":"https:\/\/trelaze-49.alternatri.fr\/index.php\/wp-json\/wp\/v2\/pages"}],"about":[{"href":"https:\/\/trelaze-49.alternatri.fr\/index.php\/wp-json\/wp\/v2\/types\/page"}],"author":[{"embeddable":true,"href":"https:\/\/trelaze-49.alternatri.fr\/index.php\/wp-json\/wp\/v2\/users\/2"}],"replies":[{"embeddable":true,"href":"https:\/\/trelaze-49.alternatri.fr\/index.php\/wp-json\/wp\/v2\/comments?post=715"}],"version-history":[{"count":1,"href":"https:\/\/trelaze-49.alternatri.fr\/index.php\/wp-json\/wp\/v2\/pages\/715\/revisions"}],"predecessor-version":[{"id":2439,"href":"https:\/\/trelaze-49.alternatri.fr\/index.php\/wp-json\/wp\/v2\/pages\/715\/revisions\/2439"}],"wp:attachment":[{"href":"https:\/\/trelaze-49.alternatri.fr\/index.php\/wp-json\/wp\/v2\/media?parent=715"}],"curies":[{"name":"wp","href":"https:\/\/api.w.org\/{rel}","templated":true}]}}