{"id":140,"date":"2023-05-23T08:02:53","date_gmt":"2023-05-23T08:02:53","guid":{"rendered":"https:\/\/alternatri.themecloud.dev\/?page_id=140"},"modified":"2023-11-02T10:56:00","modified_gmt":"2023-11-02T09:56:00","slug":"mention-legale","status":"publish","type":"page","link":"https:\/\/trelaze-49.alternatri.fr\/index.php\/mention-legale\/","title":{"rendered":"Mention L\u00e9gale"},"content":{"rendered":"\t\t<div data-elementor-type=\"wp-page\" data-elementor-id=\"140\" class=\"elementor elementor-140\">\n\t\t\t\t\t\t<section class=\"elementor-section elementor-top-section elementor-element elementor-element-8dc80f3 elementor-section-boxed elementor-section-height-default elementor-section-height-default wpr-particle-no wpr-jarallax-no wpr-parallax-no wpr-sticky-section-no\" data-id=\"8dc80f3\" data-element_type=\"section\" data-e-type=\"section\">\n\t\t\t\t\t\t<div class=\"elementor-container elementor-column-gap-default\">\n\t\t\t\t\t<div class=\"elementor-column elementor-col-100 elementor-top-column elementor-element elementor-element-37b6375\" data-id=\"37b6375\" data-element_type=\"column\" data-e-type=\"column\">\n\t\t\t<div class=\"elementor-widget-wrap elementor-element-populated\">\n\t\t\t\t\t\t<div class=\"elementor-element elementor-element-c5fbc48 elementor-widget elementor-widget-text-editor\" data-id=\"c5fbc48\" data-element_type=\"widget\" data-e-type=\"widget\" data-widget_type=\"text-editor.default\">\n\t\t\t\t<div class=\"elementor-widget-container\">\n\t\t\t\t\t\t\t\t\t<p><span style=\"color: var( --e-global-color-text ); font-family: var( --e-global-typography-text-font-family ), Sans-serif; font-weight: var( --e-global-typography-text-font-weight ); font-size: 1rem;\">Alternatri 49<\/span><\/p><p>ZA Grand Maison\u00a0<\/p><p>49800 Tr\u00e9laz\u00e9<\/p><p>N\u00b0 Siret: 501 312 219 00030<br \/>APE (NAF): 3832Z<\/p><p>Tel. : 02 43 69 89 02<br \/>Fax.: 02 43 69 89 02<\/p><p><a href=\"https:\/\/trelaze-49.alternatri.fr\/index.php\/contact\/\">Contactez-nous via la page contact<\/a><\/p><p>Site Internet:\u00a0<span style=\"color: var( --e-global-color-text ); font-family: var( --e-global-typography-text-font-family ), Sans-serif; font-weight: var( --e-global-typography-text-font-weight ); font-size: 1rem;\">alternatri.fr<\/span><\/p>\t\t\t\t\t\t\t\t<\/div>\n\t\t\t\t<\/div>\n\t\t\t\t\t<\/div>\n\t\t<\/div>\n\t\t\t\t\t<\/div>\n\t\t<\/section>\n\t\t\t\t<section class=\"elementor-section elementor-top-section elementor-element elementor-element-6449c1b elementor-section-boxed elementor-section-height-default elementor-section-height-default wpr-particle-no wpr-jarallax-no wpr-parallax-no wpr-sticky-section-no\" data-id=\"6449c1b\" data-element_type=\"section\" data-e-type=\"section\">\n\t\t\t\t\t\t<div class=\"elementor-container elementor-column-gap-default\">\n\t\t\t\t\t<div class=\"elementor-column elementor-col-100 elementor-top-column elementor-element elementor-element-73ec9e4\" data-id=\"73ec9e4\" data-element_type=\"column\" data-e-type=\"column\">\n\t\t\t<div class=\"elementor-widget-wrap elementor-element-populated\">\n\t\t\t\t\t\t<div class=\"elementor-element elementor-element-a2f68a0 elementor-widget elementor-widget-text-editor\" data-id=\"a2f68a0\" data-element_type=\"widget\" data-e-type=\"widget\" data-widget_type=\"text-editor.default\">\n\t\t\t\t<div class=\"elementor-widget-container\">\n\t\t\t\t\t\t\t\t\t<p><span style=\"font-weight: bold;\">Protection de la vie priv\u00e9e<\/span><\/p>\n<p>Les adresses de courrier \u00e9lectronique des personnes souhaitant nous contacter ne feront l\u2019objet d\u2019aucun usage commercial en dehors d\u2019AlternaTri et en aucun cas ne seront revendues.<\/p>\n<p>Vous b\u00e9n\u00e9ficierez, en vertu de la loi \u00ab Informatique et libert\u00e9s \u00bb n\u00b034 du 6 janvier 1978, d\u2019un droit d\u2019acc\u00e8s, de modification, de rectification et de suppression des informations vous concernant.<\/p>\n<p>Vous b\u00e9n\u00e9ficierez d\u2019un droit \u00e0 l\u2019oubli au terme d\u2019une ann\u00e9e civile depuis l\u2019enregistrement de ces donn\u00e9es. Le droit d\u2019acc\u00e8s pourra s\u2019exercer en utilisant les coordonn\u00e9es fournies ci-dessus.<\/p>\t\t\t\t\t\t\t\t<\/div>\n\t\t\t\t<\/div>\n\t\t\t\t\t<\/div>\n\t\t<\/div>\n\t\t\t\t\t<\/div>\n\t\t<\/section>\n\t\t\t\t<section class=\"elementor-section elementor-top-section elementor-element elementor-element-fe74045 elementor-section-boxed elementor-section-height-default elementor-section-height-default wpr-particle-no wpr-jarallax-no wpr-parallax-no wpr-sticky-section-no\" data-id=\"fe74045\" data-element_type=\"section\" data-e-type=\"section\">\n\t\t\t\t\t\t<div class=\"elementor-container elementor-column-gap-default\">\n\t\t\t\t\t<div class=\"elementor-column elementor-col-100 elementor-top-column elementor-element elementor-element-fa024ee\" data-id=\"fa024ee\" data-element_type=\"column\" data-e-type=\"column\">\n\t\t\t<div class=\"elementor-widget-wrap elementor-element-populated\">\n\t\t\t\t\t\t<div class=\"elementor-element elementor-element-8c226e1 elementor-widget elementor-widget-text-editor\" data-id=\"8c226e1\" data-element_type=\"widget\" data-e-type=\"widget\" data-widget_type=\"text-editor.default\">\n\t\t\t\t<div class=\"elementor-widget-container\">\n\t\t\t\t\t\t\t\t\t<p><span style=\"font-weight: bold;\">Conception et cr\u00e9ation du site internet<\/span><\/p><p>Le site\u00a0<a href=\"https:\/\/trelaze-49.alternatri.fr\/index.php\/contact\/\">https:\/\/trelaze-49.alternatri.fr\/index.php\/contact\/<\/a>\u00a0a \u00e9t\u00e9 con\u00e7u par Lucas Troteseil<\/p><p>\u00c9tudiant D\u00e9velopper Web\u00a0<\/p><p>Angers<br \/>49100<\/p><p>contact :\u00a0<a style=\"font-family: var( --e-global-typography-text-font-family ), Sans-serif; font-weight: var( --e-global-typography-text-font-weight ); background-color: #ffffff; font-size: 1rem;\" href=\"http:\/\/www.studiodunet.com\/\">https:\/\/gisseugi.fr\/<\/a><\/p>\t\t\t\t\t\t\t\t<\/div>\n\t\t\t\t<\/div>\n\t\t\t\t\t<\/div>\n\t\t<\/div>\n\t\t\t\t\t<\/div>\n\t\t<\/section>\n\t\t\t\t<section class=\"elementor-section elementor-top-section elementor-element elementor-element-7cf8ae2 elementor-section-boxed elementor-section-height-default elementor-section-height-default wpr-particle-no wpr-jarallax-no wpr-parallax-no wpr-sticky-section-no\" data-id=\"7cf8ae2\" data-element_type=\"section\" data-e-type=\"section\">\n\t\t\t\t\t\t<div class=\"elementor-container elementor-column-gap-default\">\n\t\t\t\t\t<div class=\"elementor-column elementor-col-100 elementor-top-column elementor-element elementor-element-98b5c81\" data-id=\"98b5c81\" data-element_type=\"column\" data-e-type=\"column\">\n\t\t\t<div class=\"elementor-widget-wrap elementor-element-populated\">\n\t\t\t\t\t\t<div class=\"elementor-element elementor-element-515a99e elementor-widget elementor-widget-text-editor\" data-id=\"515a99e\" data-element_type=\"widget\" data-e-type=\"widget\" data-widget_type=\"text-editor.default\">\n\t\t\t\t<div class=\"elementor-widget-container\">\n\t\t\t\t\t\t\t\t\t<p><span style=\"font-weight: bold;\">H\u00e9bergeur<\/span><\/p><p>Le site\u00a0<a href=\"https:\/\/www.alternatri.fr\/\">https:\/\/www.alternatri.fr\/<\/a>\u00a0est h\u00e9berg\u00e9 par la soci\u00e9t\u00e9 OVH.<br \/>SAS au capital de 10 000 000 \u20ac<br \/>RCS Roubaix \u2013 Tourcoing 424 761 419 00045<br \/>Code APE 6202A<br \/>N\u00b0 TVA : FR 22 424 761 419<br \/>Si\u00e8ge social : 2 rue Kellermann \u2013 59100 Roubaix \u2013 France.<\/p>\t\t\t\t\t\t\t\t<\/div>\n\t\t\t\t<\/div>\n\t\t\t\t\t<\/div>\n\t\t<\/div>\n\t\t\t\t\t<\/div>\n\t\t<\/section>\n\t\t\t\t<\/div>\n\t\t","protected":false},"excerpt":{"rendered":"<p>Alternatri 49 ZA Grand Maison\u00a0 49800 Tr\u00e9laz\u00e9 N\u00b0 Siret: 501 312 219 00030APE (NAF): 3832Z Tel. : 02 43 69 89 02Fax.: 02 43 69 89 02 Contactez-nous via la page contact Site Internet:\u00a0alternatri.fr Protection de la vie priv\u00e9e Les adresses de courrier \u00e9lectronique des personnes souhaitant nous contacter ne feront l\u2019objet d\u2019aucun usage commercial en dehors d\u2019AlternaTri et en aucun cas ne seront revendues. Vous b\u00e9n\u00e9ficierez, en vertu de la loi \u00ab Informatique et libert\u00e9s \u00bb n\u00b034 du 6 janvier 1978, d\u2019un droit d\u2019acc\u00e8s, de modification, de rectification et de suppression des informations vous concernant. Vous b\u00e9n\u00e9ficierez d\u2019un droit \u00e0 l\u2019oubli au terme d\u2019une ann\u00e9e civile depuis l\u2019enregistrement de ces donn\u00e9es. Le droit d\u2019acc\u00e8s pourra s\u2019exercer en utilisant les coordonn\u00e9es fournies ci-dessus. Conception et cr\u00e9ation du site internet Le site\u00a0https:\/\/trelaze-49.alternatri.fr\/index.php\/contact\/\u00a0a \u00e9t\u00e9 con\u00e7u par Lucas Troteseil \u00c9tudiant D\u00e9velopper Web\u00a0 Angers49100 contact :\u00a0https:\/\/gisseugi.fr\/ H\u00e9bergeur Le site\u00a0https:\/\/www.alternatri.fr\/\u00a0est h\u00e9berg\u00e9 par la soci\u00e9t\u00e9 OVH.SAS au capital de 10 000 000 \u20acRCS Roubaix \u2013 Tourcoing 424 761 419 00045Code APE 6202AN\u00b0 TVA : FR 22 424 761 419Si\u00e8ge social : 2 rue Kellermann \u2013 59100 Roubaix \u2013 France.<\/p>\n","protected":false},"author":1,"featured_media":0,"parent":0,"menu_order":0,"comment_status":"closed","ping_status":"closed","template":"","meta":{"footnotes":""},"class_list":["post-140","page","type-page","status-publish","hentry"],"yoast_head":"<!-- This site is optimized with the Yoast SEO plugin v24.3 - https:\/\/yoast.com\/wordpress\/plugins\/seo\/ -->\n<title>Mention L\u00e9gale - Alternatri 49<\/title>\n<meta name=\"robots\" content=\"index, follow, max-snippet:-1, max-image-preview:large, max-video-preview:-1\" \/>\n<link rel=\"canonical\" href=\"https:\/\/trelaze-49.alternatri.fr\/index.php\/mention-legale\/\" \/>\n<meta property=\"og:locale\" content=\"fr_FR\" \/>\n<meta property=\"og:type\" content=\"article\" \/>\n<meta property=\"og:title\" content=\"Mention L\u00e9gale - Alternatri 49\" \/>\n<meta property=\"og:description\" content=\"Alternatri 49 ZA Grand Maison\u00a0 49800 Tr\u00e9laz\u00e9 N\u00b0 Siret: 501 312 219 00030APE (NAF): 3832Z Tel. : 02 43 69 89 02Fax.: 02 43 69 89 02 Contactez-nous via la page contact Site Internet:\u00a0alternatri.fr Protection de la vie priv\u00e9e Les adresses de courrier \u00e9lectronique des personnes souhaitant nous contacter ne feront l\u2019objet d\u2019aucun usage commercial en dehors d\u2019AlternaTri et en aucun cas ne seront revendues. Vous b\u00e9n\u00e9ficierez, en vertu de la loi \u00ab Informatique et libert\u00e9s \u00bb n\u00b034 du 6 janvier 1978, d\u2019un droit d\u2019acc\u00e8s, de modification, de rectification et de suppression des informations vous concernant. Vous b\u00e9n\u00e9ficierez d\u2019un droit \u00e0 l\u2019oubli au terme d\u2019une ann\u00e9e civile depuis l\u2019enregistrement de ces donn\u00e9es. Le droit d\u2019acc\u00e8s pourra s\u2019exercer en utilisant les coordonn\u00e9es fournies ci-dessus. Conception et cr\u00e9ation du site internet Le site\u00a0https:\/\/trelaze-49.alternatri.fr\/index.php\/contact\/\u00a0a \u00e9t\u00e9 con\u00e7u par Lucas Troteseil \u00c9tudiant D\u00e9velopper Web\u00a0 Angers49100 contact :\u00a0https:\/\/gisseugi.fr\/ H\u00e9bergeur Le site\u00a0https:\/\/www.alternatri.fr\/\u00a0est h\u00e9berg\u00e9 par la soci\u00e9t\u00e9 OVH.SAS au capital de 10 000 000 \u20acRCS Roubaix \u2013 Tourcoing 424 761 419 00045Code APE 6202AN\u00b0 TVA : FR 22 424 761 419Si\u00e8ge social : 2 rue Kellermann \u2013 59100 Roubaix \u2013 France.\" \/>\n<meta property=\"og:url\" content=\"https:\/\/trelaze-49.alternatri.fr\/index.php\/mention-legale\/\" \/>\n<meta property=\"og:site_name\" content=\"Alternatri 49\" \/>\n<meta property=\"article:modified_time\" content=\"2023-11-02T09:56:00+00:00\" \/>\n<meta name=\"twitter:card\" content=\"summary_large_image\" \/>\n<meta name=\"twitter:label1\" content=\"Dur\u00e9e de lecture estim\u00e9e\" \/>\n\t<meta name=\"twitter:data1\" content=\"1 minute\" \/>\n<script type=\"application\/ld+json\" class=\"yoast-schema-graph\">{\"@context\":\"https:\/\/schema.org\",\"@graph\":[{\"@type\":\"WebPage\",\"@id\":\"https:\/\/trelaze-49.alternatri.fr\/index.php\/mention-legale\/\",\"url\":\"https:\/\/trelaze-49.alternatri.fr\/index.php\/mention-legale\/\",\"name\":\"Mention L\u00e9gale - Alternatri 49\",\"isPartOf\":{\"@id\":\"https:\/\/trelaze-49.alternatri.fr\/#website\"},\"datePublished\":\"2023-05-23T08:02:53+00:00\",\"dateModified\":\"2023-11-02T09:56:00+00:00\",\"breadcrumb\":{\"@id\":\"https:\/\/trelaze-49.alternatri.fr\/index.php\/mention-legale\/#breadcrumb\"},\"inLanguage\":\"fr-FR\",\"potentialAction\":[{\"@type\":\"ReadAction\",\"target\":[\"https:\/\/trelaze-49.alternatri.fr\/index.php\/mention-legale\/\"]}]},{\"@type\":\"BreadcrumbList\",\"@id\":\"https:\/\/trelaze-49.alternatri.fr\/index.php\/mention-legale\/#breadcrumb\",\"itemListElement\":[{\"@type\":\"ListItem\",\"position\":1,\"name\":\"Accueil\",\"item\":\"https:\/\/trelaze-49.alternatri.fr\/\"},{\"@type\":\"ListItem\",\"position\":2,\"name\":\"Mention L\u00e9gale\"}]},{\"@type\":\"WebSite\",\"@id\":\"https:\/\/trelaze-49.alternatri.fr\/#website\",\"url\":\"https:\/\/trelaze-49.alternatri.fr\/\",\"name\":\"Alternatri 49\",\"description\":\"Alternatri 49 action social et solidaire\",\"publisher\":{\"@id\":\"https:\/\/trelaze-49.alternatri.fr\/#organization\"},\"potentialAction\":[{\"@type\":\"SearchAction\",\"target\":{\"@type\":\"EntryPoint\",\"urlTemplate\":\"https:\/\/trelaze-49.alternatri.fr\/?s={search_term_string}\"},\"query-input\":{\"@type\":\"PropertyValueSpecification\",\"valueRequired\":true,\"valueName\":\"search_term_string\"}}],\"inLanguage\":\"fr-FR\"},{\"@type\":\"Organization\",\"@id\":\"https:\/\/trelaze-49.alternatri.fr\/#organization\",\"name\":\"Alternatri 49\",\"url\":\"https:\/\/trelaze-49.alternatri.fr\/\",\"logo\":{\"@type\":\"ImageObject\",\"inLanguage\":\"fr-FR\",\"@id\":\"https:\/\/trelaze-49.alternatri.fr\/#\/schema\/logo\/image\/\",\"url\":\"https:\/\/trelaze-49.alternatri.fr\/wp-content\/uploads\/2024\/03\/cropped-Capture_d_ecran_2024-03-25_a_22.52.19-ai-brush-removebg-rwqq7a08.png\",\"contentUrl\":\"https:\/\/trelaze-49.alternatri.fr\/wp-content\/uploads\/2024\/03\/cropped-Capture_d_ecran_2024-03-25_a_22.52.19-ai-brush-removebg-rwqq7a08.png\",\"width\":1768,\"height\":763,\"caption\":\"Alternatri 49\"},\"image\":{\"@id\":\"https:\/\/trelaze-49.alternatri.fr\/#\/schema\/logo\/image\/\"}}]}<\/script>\n<!-- \/ Yoast SEO plugin. -->","yoast_head_json":{"title":"Mention L\u00e9gale - Alternatri 49","robots":{"index":"index","follow":"follow","max-snippet":"max-snippet:-1","max-image-preview":"max-image-preview:large","max-video-preview":"max-video-preview:-1"},"canonical":"https:\/\/trelaze-49.alternatri.fr\/index.php\/mention-legale\/","og_locale":"fr_FR","og_type":"article","og_title":"Mention L\u00e9gale - Alternatri 49","og_description":"Alternatri 49 ZA Grand Maison\u00a0 49800 Tr\u00e9laz\u00e9 N\u00b0 Siret: 501 312 219 00030APE (NAF): 3832Z Tel. : 02 43 69 89 02Fax.: 02 43 69 89 02 Contactez-nous via la page contact Site Internet:\u00a0alternatri.fr Protection de la vie priv\u00e9e Les adresses de courrier \u00e9lectronique des personnes souhaitant nous contacter ne feront l\u2019objet d\u2019aucun usage commercial en dehors d\u2019AlternaTri et en aucun cas ne seront revendues. Vous b\u00e9n\u00e9ficierez, en vertu de la loi \u00ab Informatique et libert\u00e9s \u00bb n\u00b034 du 6 janvier 1978, d\u2019un droit d\u2019acc\u00e8s, de modification, de rectification et de suppression des informations vous concernant. Vous b\u00e9n\u00e9ficierez d\u2019un droit \u00e0 l\u2019oubli au terme d\u2019une ann\u00e9e civile depuis l\u2019enregistrement de ces donn\u00e9es. Le droit d\u2019acc\u00e8s pourra s\u2019exercer en utilisant les coordonn\u00e9es fournies ci-dessus. Conception et cr\u00e9ation du site internet Le site\u00a0https:\/\/trelaze-49.alternatri.fr\/index.php\/contact\/\u00a0a \u00e9t\u00e9 con\u00e7u par Lucas Troteseil \u00c9tudiant D\u00e9velopper Web\u00a0 Angers49100 contact :\u00a0https:\/\/gisseugi.fr\/ H\u00e9bergeur Le site\u00a0https:\/\/www.alternatri.fr\/\u00a0est h\u00e9berg\u00e9 par la soci\u00e9t\u00e9 OVH.SAS au capital de 10 000 000 \u20acRCS Roubaix \u2013 Tourcoing 424 761 419 00045Code APE 6202AN\u00b0 TVA : FR 22 424 761 419Si\u00e8ge social : 2 rue Kellermann \u2013 59100 Roubaix \u2013 France.","og_url":"https:\/\/trelaze-49.alternatri.fr\/index.php\/mention-legale\/","og_site_name":"Alternatri 49","article_modified_time":"2023-11-02T09:56:00+00:00","twitter_card":"summary_large_image","twitter_misc":{"Dur\u00e9e de lecture estim\u00e9e":"1 minute"},"schema":{"@context":"https:\/\/schema.org","@graph":[{"@type":"WebPage","@id":"https:\/\/trelaze-49.alternatri.fr\/index.php\/mention-legale\/","url":"https:\/\/trelaze-49.alternatri.fr\/index.php\/mention-legale\/","name":"Mention L\u00e9gale - Alternatri 49","isPartOf":{"@id":"https:\/\/trelaze-49.alternatri.fr\/#website"},"datePublished":"2023-05-23T08:02:53+00:00","dateModified":"2023-11-02T09:56:00+00:00","breadcrumb":{"@id":"https:\/\/trelaze-49.alternatri.fr\/index.php\/mention-legale\/#breadcrumb"},"inLanguage":"fr-FR","potentialAction":[{"@type":"ReadAction","target":["https:\/\/trelaze-49.alternatri.fr\/index.php\/mention-legale\/"]}]},{"@type":"BreadcrumbList","@id":"https:\/\/trelaze-49.alternatri.fr\/index.php\/mention-legale\/#breadcrumb","itemListElement":[{"@type":"ListItem","position":1,"name":"Accueil","item":"https:\/\/trelaze-49.alternatri.fr\/"},{"@type":"ListItem","position":2,"name":"Mention L\u00e9gale"}]},{"@type":"WebSite","@id":"https:\/\/trelaze-49.alternatri.fr\/#website","url":"https:\/\/trelaze-49.alternatri.fr\/","name":"Alternatri 49","description":"Alternatri 49 action social et solidaire","publisher":{"@id":"https:\/\/trelaze-49.alternatri.fr\/#organization"},"potentialAction":[{"@type":"SearchAction","target":{"@type":"EntryPoint","urlTemplate":"https:\/\/trelaze-49.alternatri.fr\/?s={search_term_string}"},"query-input":{"@type":"PropertyValueSpecification","valueRequired":true,"valueName":"search_term_string"}}],"inLanguage":"fr-FR"},{"@type":"Organization","@id":"https:\/\/trelaze-49.alternatri.fr\/#organization","name":"Alternatri 49","url":"https:\/\/trelaze-49.alternatri.fr\/","logo":{"@type":"ImageObject","inLanguage":"fr-FR","@id":"https:\/\/trelaze-49.alternatri.fr\/#\/schema\/logo\/image\/","url":"https:\/\/trelaze-49.alternatri.fr\/wp-content\/uploads\/2024\/03\/cropped-Capture_d_ecran_2024-03-25_a_22.52.19-ai-brush-removebg-rwqq7a08.png","contentUrl":"https:\/\/trelaze-49.alternatri.fr\/wp-content\/uploads\/2024\/03\/cropped-Capture_d_ecran_2024-03-25_a_22.52.19-ai-brush-removebg-rwqq7a08.png","width":1768,"height":763,"caption":"Alternatri 49"},"image":{"@id":"https:\/\/trelaze-49.alternatri.fr\/#\/schema\/logo\/image\/"}}]}},"_links":{"self":[{"href":"https:\/\/trelaze-49.alternatri.fr\/index.php\/wp-json\/wp\/v2\/pages\/140","targetHints":{"allow":["GET"]}}],"collection":[{"href":"https:\/\/trelaze-49.alternatri.fr\/index.php\/wp-json\/wp\/v2\/pages"}],"about":[{"href":"https:\/\/trelaze-49.alternatri.fr\/index.php\/wp-json\/wp\/v2\/types\/page"}],"author":[{"embeddable":true,"href":"https:\/\/trelaze-49.alternatri.fr\/index.php\/wp-json\/wp\/v2\/users\/1"}],"replies":[{"embeddable":true,"href":"https:\/\/trelaze-49.alternatri.fr\/index.php\/wp-json\/wp\/v2\/comments?post=140"}],"version-history":[{"count":3,"href":"https:\/\/trelaze-49.alternatri.fr\/index.php\/wp-json\/wp\/v2\/pages\/140\/revisions"}],"predecessor-version":[{"id":2363,"href":"https:\/\/trelaze-49.alternatri.fr\/index.php\/wp-json\/wp\/v2\/pages\/140\/revisions\/2363"}],"wp:attachment":[{"href":"https:\/\/trelaze-49.alternatri.fr\/index.php\/wp-json\/wp\/v2\/media?parent=140"}],"curies":[{"name":"wp","href":"https:\/\/api.w.org\/{rel}","templated":true}]}}